{"id":2126,"date":"2024-12-19T07:49:32","date_gmt":"2024-12-19T06:49:32","guid":{"rendered":"https:\/\/reflek.be\/privacy-en-cookiebeleid\/"},"modified":"2025-04-02T15:17:59","modified_gmt":"2025-04-02T13:17:59","slug":"privacy-en-cookiebeleid","status":"publish","type":"page","link":"https:\/\/reflek.be\/fr\/privacy-en-cookiebeleid\/","title":{"rendered":"Privacy- &#038; cookiebeleid"},"content":{"rendered":"\t\t<div data-elementor-type=\"wp-page\" data-elementor-id=\"2126\" class=\"elementor elementor-2126 elementor-3\" data-elementor-post-type=\"page\">\n\t\t\t\t<div class=\"elementor-element elementor-element-1887a517 e-flex e-con-boxed e-con e-parent\" data-id=\"1887a517\" data-element_type=\"container\" data-e-type=\"container\">\n\t\t\t\t\t<div class=\"e-con-inner\">\n\t\t\t\t<div class=\"elementor-element elementor-element-1b397f3a privacy elementor-widget elementor-widget-text-editor\" data-id=\"1b397f3a\" data-element_type=\"widget\" data-e-type=\"widget\" data-widget_type=\"text-editor.default\">\n\t\t\t\t<div class=\"elementor-widget-container\">\n\t\t\t\t\t\t\t\t\t<div class=\"tlm-page-wrapper nooverflow\"><section class=\"tlm-intro intro-expertise cases center\"><div class=\"w-layout-blockcontainer container-large padding-large paddingintro nopadding privacy w-container\"><div class=\"tlm-hero-content\"><h1>Politique en mati\u00e8re de protection de la vie priv\u00e9e et de cookies<\/h1><p>Cette page a \u00e9t\u00e9 mise \u00e0 jour pour la derni\u00e8re fois le 13\/02\/2025.<\/p><p>Reflek, situ\u00e9 \u00e0 Dreef 8 &#8211; 3090 Overijse, Belgique, est responsable du traitement des donn\u00e9es personnelles et de l&rsquo;utilisation des cookies comme expliqu\u00e9 dans cette politique.<\/p><p>Coordonn\u00e9es de contact :<br \/>Dreef 8<br \/>3090 Overijse<br \/>T\u00e9l. 02 768 08 04<br \/>info@reflek.be<\/p><h2>1. Politique de confidentialit\u00e9 de Reflek<\/h2><h3>Donn\u00e9es personnelles trait\u00e9es par Reflek<\/h3><p>Reflek traite vos donn\u00e9es personnelles parce que vous utilisez nos services et\/ou parce que vous nous les fournissez vous-m\u00eame. Vous trouverez ci-dessous un aper\u00e7u du type de donn\u00e9es que nous traitons :<\/p><ul><li>Nom et pr\u00e9nom<\/li><li>Num\u00e9ro de t\u00e9l\u00e9phone<\/li><li>Adresse \u00e9lectronique<\/li><li>adresse IP<\/li><li>Donn\u00e9es de localisation, limit\u00e9es \u00e0 votre r\u00e9gion (comme le pays) \u00e0 des fins d&rsquo;analyse<\/li><li>Donn\u00e9es concernant votre comportement de navigation sur ce site web<\/li><li>Type de navigateur Internet et d&rsquo;appareil<\/li><li>Donn\u00e9es personnelles sp\u00e9ciales et\/ou sensibles<\/li><li>Notre site web et\/ou service n&rsquo;a pas l&rsquo;intention de collecter des donn\u00e9es sur les visiteurs du site web \u00e2g\u00e9s de moins de 16 ans, \u00e0 moins qu&rsquo;ils n&rsquo;aient l&rsquo;autorisation de leurs parents ou de leur tuteur. Toutefois, nous ne pouvons pas v\u00e9rifier si un visiteur est \u00e2g\u00e9 de plus de 16 ans.<\/li><\/ul><p>Nous conseillons donc aux parents de s&rsquo;impliquer dans les activit\u00e9s en ligne de leurs enfants afin d&rsquo;\u00e9viter de collecter des donn\u00e9es sur les enfants sans le consentement des parents.<\/p><p>Finalit\u00e9s du traitement des donn\u00e9es personnelles<\/p><div class=\"rich-text-block w-richtext\"><p>Reflek traite vos donn\u00e9es aux fins suivantes :<\/p><p>vous appeler ou vous envoyer un courrier \u00e9lectronique si cela est n\u00e9cessaire \u00e0 l&rsquo;ex\u00e9cution de nos services.<br \/>Reflek analyse votre comportement sur le site web afin d&rsquo;am\u00e9liorer ce dernier et d&rsquo;adapter la gamme de produits et de services \u00e0 vos pr\u00e9f\u00e9rences.<br \/>Prise de d\u00e9cision automatique<\/p><p>Reflek ne prend pas de d\u00e9cisions bas\u00e9es sur la prise de d\u00e9cision automatis\u00e9e concernant des choses qui pourraient affecter (de mani\u00e8re significative) les personnes. Il s&rsquo;agit de d\u00e9cisions prises par des programmes ou des syst\u00e8mes informatiques, sans intervention humaine.<\/p><h3>P\u00e9riode de conservation des donn\u00e9es personnelles<\/h3><p>Reflek ne conserve pas vos donn\u00e9es personnelles plus longtemps que ce qui est strictement n\u00e9cessaire pour atteindre les objectifs pour lesquels vos donn\u00e9es ont \u00e9t\u00e9 collect\u00e9es. Nous utilisons les p\u00e9riodes de conservation suivantes pour les (cat\u00e9gories) de donn\u00e9es \u00e0 caract\u00e8re personnel suivantes :<\/p><p>Donn\u00e9es fournies via les formulaires de contact : ces donn\u00e9es sont conserv\u00e9es pour une dur\u00e9e ind\u00e9termin\u00e9e, car elles sont n\u00e9cessaires pour la responsabilit\u00e9 interne de nos services et pour nous permettre d&rsquo;ex\u00e9cuter nos services.<br \/>Donn\u00e9es fournies via des cookies \/ \u00e0 des fins d&rsquo;analyse : ces donn\u00e9es sont collect\u00e9es et stock\u00e9es de mani\u00e8re anonyme en fonction de la dur\u00e9e de vie du cookie. Les donn\u00e9es analytiques (telles que : Google Analytics) sont stock\u00e9es ind\u00e9finiment, car elles sont utilis\u00e9es dans les comparaisons statistiques \/ rapports sur diff\u00e9rentes p\u00e9riodes.<\/p><h3>Partage de donn\u00e9es avec des tiers<\/h3><p>Reflek ne partage vos donn\u00e9es personnelles qu&rsquo;avec Google Analytics. Nous concluons un accord de traitement avec ces soci\u00e9t\u00e9s afin de garantir le m\u00eame niveau de s\u00e9curit\u00e9 et de confidentialit\u00e9 de vos donn\u00e9es.<\/p><ul><li>Droits concernant vos donn\u00e9es<\/li><li>Vous avez le droit d&rsquo;acc\u00e9der \u00e0 vos donn\u00e9es personnelles, de les corriger ou de les supprimer.<\/li><li>En outre, vous avez le droit de retirer votre consentement au traitement des donn\u00e9es ou de vous opposer au traitement de vos donn\u00e9es personnelles par Reflek.<\/li><li>Vous avez le droit \u00e0 la portabilit\u00e9 des donn\u00e9es. Cela signifie que vous pouvez nous demander d&rsquo;envoyer les donn\u00e9es personnelles que nous d\u00e9tenons \u00e0 votre sujet dans un fichier informatique \u00e0 vous-m\u00eame ou \u00e0 une autre organisation que vous aurez d\u00e9sign\u00e9e.<\/li><li>Pour garantir que la demande d&rsquo;acc\u00e8s est bien faite par vous, nous vous demandons d&rsquo;envoyer une copie de votre preuve d&rsquo;identit\u00e9 avec la demande. Veuillez noircir votre photo de passeport, votre MRZ (zone de lecture automatique, la bande de chiffres au bas du passeport) et votre num\u00e9ro de passeport dans cette copie. Ceci afin de prot\u00e9ger votre vie priv\u00e9e. Nous r\u00e9pondrons \u00e0 votre demande d\u00e8s que possible, mais dans un d\u00e9lai de quatre semaines, et nous pourrons vous renvoyer \u00e0 notre concepteur de site web.<\/li><\/ul><p>Reflek souhaite \u00e9galement souligner que vous avez la possibilit\u00e9 de d\u00e9poser une plainte aupr\u00e8s du r\u00e9gulateur national, l&rsquo;Autorit\u00e9 de protection des donn\u00e9es.<\/p><h3>Comment s\u00e9curisons-nous vos donn\u00e9es ?<\/h3><p>Reflek prend au s\u00e9rieux la protection de vos donn\u00e9es et prend des mesures appropri\u00e9es pour emp\u00eacher toute utilisation abusive, perte, acc\u00e8s non autoris\u00e9, divulgation non d\u00e9sir\u00e9e et modification non autoris\u00e9e. Si vous avez l&rsquo;impression que vos donn\u00e9es ne sont pas correctement s\u00e9curis\u00e9es ou qu&rsquo;il y a des indications d&rsquo;utilisation abusive, veuillez nous contacter \u00e0 l&rsquo;adresse info@reflek.be.<\/p><h2>2. Politique en mati\u00e8re de cookies pour Reflek<\/h2><h3>Que sont les cookies ?<\/h3><p>Comme presque tous les sites web professionnels, ce site utilise des cookies. Les cookies sont de petits fichiers t\u00e9l\u00e9charg\u00e9s sur votre ordinateur pour am\u00e9liorer votre exp\u00e9rience de navigation en ligne. Cette page d\u00e9crit les informations qu&rsquo;ils collectent, comment nous les utilisons et pourquoi nous avons parfois besoin de stocker ces cookies. Nous vous indiquons \u00e9galement comment vous pouvez emp\u00eacher le stockage de ces cookies. Toutefois, cela peut entra\u00eener une d\u00e9gradation ou une interruption de certains \u00e9l\u00e9ments de la fonctionnalit\u00e9 du site.<br \/>Pour des informations plus g\u00e9n\u00e9rales sur les cookies, voir l&rsquo;article de Wikip\u00e9dia sur les cookies HTTP.<\/p><h3>Comment les cookies sont-ils utilis\u00e9s ?<\/h3><p>Nous utilisons des cookies pour diverses raisons d\u00e9crites ci-dessous. Malheureusement, dans la plupart des cas, il n&rsquo;existe pas d&rsquo;options standard pour d\u00e9sactiver les cookies sans d\u00e9sactiver compl\u00e8tement les fonctionnalit\u00e9s et les caract\u00e9ristiques qu&rsquo;ils ajoutent \u00e0 ce site web. Il est recommand\u00e9 de laisser tous les cookies si vous n&rsquo;\u00eates pas s\u00fbr d&rsquo;en avoir besoin ou non, au cas o\u00f9 ils seraient utilis\u00e9s pour fournir un service que vous utilisez.<\/p><h3>D\u00e9sactivation des cookies<\/h3><p>Vous pouvez emp\u00eacher l&rsquo;installation de cookies en ajustant les param\u00e8tres de votre navigateur (consultez la fonction d&rsquo;aide de votre navigateur pour plus d&rsquo;informations \u00e0 ce sujet). Veuillez noter que la d\u00e9sactivation des cookies affectera la fonctionnalit\u00e9 de ce site et de nombreux autres sites que vous visitez. La d\u00e9sactivation des cookies entra\u00eene g\u00e9n\u00e9ralement la d\u00e9sactivation de certaines caract\u00e9ristiques et fonctions de ce site. Il est donc recommand\u00e9 de ne pas d\u00e9sactiver les cookies.<\/p><h3>Cookies de tiers<\/h3><p>Dans certains cas particuliers, nous utilisons \u00e9galement des cookies de tiers de confiance. La section suivante d\u00e9crit les cookies de tiers que vous pouvez rencontrer sur ce site.<\/p><p>Ce site utilise Google Analytics, l&rsquo;une des solutions d&rsquo;analyse les plus courantes et les plus fiables sur le web, qui nous aide \u00e0 comprendre comment vous utilisez le site et comment nous pouvons am\u00e9liorer votre exp\u00e9rience. Ces cookies permettent de suivre des \u00e9l\u00e9ments tels que le temps pass\u00e9 sur le site et les pages que vous visitez.<br \/>Les outils d&rsquo;analyse de tiers sont utilis\u00e9s pour suivre et mesurer l&rsquo;utilisation de ce site afin que nous puissions continuer \u00e0 produire un contenu attrayant. Ces cookies peuvent suivre des \u00e9l\u00e9ments tels que le temps pass\u00e9 sur le site et les pages que vous visitez.<br \/>Modifications<\/p><p>Si le contenu de cette politique est modifi\u00e9, les informations ajout\u00e9es seront publi\u00e9es ici.<\/p><\/div><\/div><\/div><\/section><\/div>\t\t\t\t\t\t\t\t<\/div>\n\t\t\t\t<\/div>\n\t\t\t\t\t<\/div>\n\t\t\t\t<\/div>\n\t\t\t\t<\/div>\n\t\t","protected":false},"excerpt":{"rendered":"<p>Politique en mati\u00e8re de protection de la vie priv\u00e9e et de cookies Cette page a \u00e9t\u00e9 mise \u00e0 jour pour la derni\u00e8re fois le 13\/02\/2025. Reflek, situ\u00e9 \u00e0 Dreef 8 &#8211; 3090 Overijse, Belgique, est responsable du traitement des donn\u00e9es personnelles et de l&rsquo;utilisation des cookies comme expliqu\u00e9 dans cette politique. Coordonn\u00e9es de contact :Dreef [&hellip;]<\/p>\n","protected":false},"author":1,"featured_media":0,"parent":0,"menu_order":0,"comment_status":"closed","ping_status":"closed","template":"","meta":{"_acf_changed":false,"footnotes":""},"class_list":["post-2126","page","type-page","status-publish","hentry"],"acf":[],"yoast_head":"<!-- This site is optimized with the Yoast SEO plugin v27.0 - https:\/\/yoast.com\/product\/yoast-seo-wordpress\/ -->\n<title>Privacy- &amp; cookiebeleid - Reflek<\/title>\n<meta name=\"robots\" content=\"noindex, nofollow\" \/>\n<meta property=\"og:locale\" content=\"fr_FR\" \/>\n<meta property=\"og:type\" content=\"article\" \/>\n<meta property=\"og:title\" content=\"Privacy- &amp; cookiebeleid - Reflek\" \/>\n<meta property=\"og:description\" content=\"Politique en mati\u00e8re de protection de la vie priv\u00e9e et de cookies Cette page a \u00e9t\u00e9 mise \u00e0 jour pour la derni\u00e8re fois le 13\/02\/2025. Reflek, situ\u00e9 \u00e0 Dreef 8 &#8211; 3090 Overijse, Belgique, est responsable du traitement des donn\u00e9es personnelles et de l&rsquo;utilisation des cookies comme expliqu\u00e9 dans cette politique. Coordonn\u00e9es de contact :Dreef [&hellip;]\" \/>\n<meta property=\"og:url\" content=\"https:\/\/reflek.be\/fr\/privacy-en-cookiebeleid\/\" \/>\n<meta property=\"og:site_name\" content=\"Reflek\" \/>\n<meta property=\"article:modified_time\" content=\"2025-04-02T13:17:59+00:00\" \/>\n<meta name=\"twitter:card\" content=\"summary_large_image\" \/>\n<meta name=\"twitter:label1\" content=\"Dur\u00e9e de lecture estim\u00e9e\" \/>\n\t<meta name=\"twitter:data1\" content=\"6 minutes\" \/>\n<script type=\"application\/ld+json\" class=\"yoast-schema-graph\">{\"@context\":\"https:\/\/schema.org\",\"@graph\":[{\"@type\":\"WebPage\",\"@id\":\"https:\/\/reflek.be\/fr\/privacy-en-cookiebeleid\/\",\"url\":\"https:\/\/reflek.be\/fr\/privacy-en-cookiebeleid\/\",\"name\":\"Privacy- & cookiebeleid - Reflek\",\"isPartOf\":{\"@id\":\"https:\/\/reflek.be\/fr\/#website\"},\"datePublished\":\"2024-12-19T06:49:32+00:00\",\"dateModified\":\"2025-04-02T13:17:59+00:00\",\"breadcrumb\":{\"@id\":\"https:\/\/reflek.be\/fr\/privacy-en-cookiebeleid\/#breadcrumb\"},\"inLanguage\":\"fr-FR\",\"potentialAction\":[{\"@type\":\"ReadAction\",\"target\":[\"https:\/\/reflek.be\/fr\/privacy-en-cookiebeleid\/\"]}]},{\"@type\":\"BreadcrumbList\",\"@id\":\"https:\/\/reflek.be\/fr\/privacy-en-cookiebeleid\/#breadcrumb\",\"itemListElement\":[{\"@type\":\"ListItem\",\"position\":1,\"name\":\"Home\",\"item\":\"https:\/\/reflek.be\/fr\/\"},{\"@type\":\"ListItem\",\"position\":2,\"name\":\"Privacy- &#038; cookiebeleid\"}]},{\"@type\":\"WebSite\",\"@id\":\"https:\/\/reflek.be\/fr\/#website\",\"url\":\"https:\/\/reflek.be\/fr\/\",\"name\":\"Reflek\",\"description\":\"Stijlvolle oplossingen voor jouw leefruimte\",\"publisher\":{\"@id\":\"https:\/\/reflek.be\/fr\/#organization\"},\"potentialAction\":[{\"@type\":\"SearchAction\",\"target\":{\"@type\":\"EntryPoint\",\"urlTemplate\":\"https:\/\/reflek.be\/fr\/?s={search_term_string}\"},\"query-input\":{\"@type\":\"PropertyValueSpecification\",\"valueRequired\":true,\"valueName\":\"search_term_string\"}}],\"inLanguage\":\"fr-FR\"},{\"@type\":\"Organization\",\"@id\":\"https:\/\/reflek.be\/fr\/#organization\",\"name\":\"Reflek\",\"url\":\"https:\/\/reflek.be\/fr\/\",\"logo\":{\"@type\":\"ImageObject\",\"inLanguage\":\"fr-FR\",\"@id\":\"https:\/\/reflek.be\/fr\/#\/schema\/logo\/image\/\",\"url\":\"https:\/\/reflek.be\/wp-content\/uploads\/2024\/12\/Reflek-Logo.png\",\"contentUrl\":\"https:\/\/reflek.be\/wp-content\/uploads\/2024\/12\/Reflek-Logo.png\",\"width\":1250,\"height\":723,\"caption\":\"Reflek\"},\"image\":{\"@id\":\"https:\/\/reflek.be\/fr\/#\/schema\/logo\/image\/\"}}]}<\/script>\n<!-- \/ Yoast SEO plugin. -->","yoast_head_json":{"title":"Privacy- & cookiebeleid - Reflek","robots":{"index":"noindex","follow":"nofollow"},"og_locale":"fr_FR","og_type":"article","og_title":"Privacy- & cookiebeleid - Reflek","og_description":"Politique en mati\u00e8re de protection de la vie priv\u00e9e et de cookies Cette page a \u00e9t\u00e9 mise \u00e0 jour pour la derni\u00e8re fois le 13\/02\/2025. Reflek, situ\u00e9 \u00e0 Dreef 8 &#8211; 3090 Overijse, Belgique, est responsable du traitement des donn\u00e9es personnelles et de l&rsquo;utilisation des cookies comme expliqu\u00e9 dans cette politique. Coordonn\u00e9es de contact :Dreef [&hellip;]","og_url":"https:\/\/reflek.be\/fr\/privacy-en-cookiebeleid\/","og_site_name":"Reflek","article_modified_time":"2025-04-02T13:17:59+00:00","twitter_card":"summary_large_image","twitter_misc":{"Dur\u00e9e de lecture estim\u00e9e":"6 minutes"},"schema":{"@context":"https:\/\/schema.org","@graph":[{"@type":"WebPage","@id":"https:\/\/reflek.be\/fr\/privacy-en-cookiebeleid\/","url":"https:\/\/reflek.be\/fr\/privacy-en-cookiebeleid\/","name":"Privacy- & cookiebeleid - Reflek","isPartOf":{"@id":"https:\/\/reflek.be\/fr\/#website"},"datePublished":"2024-12-19T06:49:32+00:00","dateModified":"2025-04-02T13:17:59+00:00","breadcrumb":{"@id":"https:\/\/reflek.be\/fr\/privacy-en-cookiebeleid\/#breadcrumb"},"inLanguage":"fr-FR","potentialAction":[{"@type":"ReadAction","target":["https:\/\/reflek.be\/fr\/privacy-en-cookiebeleid\/"]}]},{"@type":"BreadcrumbList","@id":"https:\/\/reflek.be\/fr\/privacy-en-cookiebeleid\/#breadcrumb","itemListElement":[{"@type":"ListItem","position":1,"name":"Home","item":"https:\/\/reflek.be\/fr\/"},{"@type":"ListItem","position":2,"name":"Privacy- &#038; cookiebeleid"}]},{"@type":"WebSite","@id":"https:\/\/reflek.be\/fr\/#website","url":"https:\/\/reflek.be\/fr\/","name":"Reflek","description":"Stijlvolle oplossingen voor jouw leefruimte","publisher":{"@id":"https:\/\/reflek.be\/fr\/#organization"},"potentialAction":[{"@type":"SearchAction","target":{"@type":"EntryPoint","urlTemplate":"https:\/\/reflek.be\/fr\/?s={search_term_string}"},"query-input":{"@type":"PropertyValueSpecification","valueRequired":true,"valueName":"search_term_string"}}],"inLanguage":"fr-FR"},{"@type":"Organization","@id":"https:\/\/reflek.be\/fr\/#organization","name":"Reflek","url":"https:\/\/reflek.be\/fr\/","logo":{"@type":"ImageObject","inLanguage":"fr-FR","@id":"https:\/\/reflek.be\/fr\/#\/schema\/logo\/image\/","url":"https:\/\/reflek.be\/wp-content\/uploads\/2024\/12\/Reflek-Logo.png","contentUrl":"https:\/\/reflek.be\/wp-content\/uploads\/2024\/12\/Reflek-Logo.png","width":1250,"height":723,"caption":"Reflek"},"image":{"@id":"https:\/\/reflek.be\/fr\/#\/schema\/logo\/image\/"}}]}},"_links":{"self":[{"href":"https:\/\/reflek.be\/fr\/wp-json\/wp\/v2\/pages\/2126","targetHints":{"allow":["GET"]}}],"collection":[{"href":"https:\/\/reflek.be\/fr\/wp-json\/wp\/v2\/pages"}],"about":[{"href":"https:\/\/reflek.be\/fr\/wp-json\/wp\/v2\/types\/page"}],"author":[{"embeddable":true,"href":"https:\/\/reflek.be\/fr\/wp-json\/wp\/v2\/users\/1"}],"replies":[{"embeddable":true,"href":"https:\/\/reflek.be\/fr\/wp-json\/wp\/v2\/comments?post=2126"}],"version-history":[{"count":0,"href":"https:\/\/reflek.be\/fr\/wp-json\/wp\/v2\/pages\/2126\/revisions"}],"wp:attachment":[{"href":"https:\/\/reflek.be\/fr\/wp-json\/wp\/v2\/media?parent=2126"}],"curies":[{"name":"wp","href":"https:\/\/api.w.org\/{rel}","templated":true}]}}